{"id":2176,"date":"2026-03-05T09:48:46","date_gmt":"2026-03-05T09:48:46","guid":{"rendered":"https:\/\/cleaning.graffitiweb.site\/dichiarazione-accessibilita\/"},"modified":"2026-03-05T09:48:47","modified_gmt":"2026-03-05T09:48:47","slug":"dichiarazione-accessibilita","status":"publish","type":"page","link":"https:\/\/gardacleanservice.it\/de\/dichiarazione-accessibilita\/","title":{"rendered":"Dichiarazione Accessibilita"},"content":{"rendered":"\n<div class=\"cs-template\">\n\t<header>\n\t\t<div class=\"header-wrapper\">\n\t\t\t<h1>Erkl\u00e4rung zur Barrierefreiheit<\/h1>\n\t\t\t<div>Aktualisiert am: 04-M\u00e4rz-2026<\/div>\n\t\t<\/div>\n\t<\/header>\n\t<section>\n\t\t<div class=\"section-wrapper\">\n\t\t\t<h2>Konformit\u00e4tsstatus<\/h2>\n            <p>Die Website entspricht teilweise den Anforderungen der Barrierefreiheit gem\u00e4\u00df WCAG 2.1 Stufe AA. Einige Inhalte und Funktionen erf\u00fcllen noch nicht alle erforderlichen technischen Kriterien.<\/p>\n\t\t<\/div>\n\t\t<div class=\"section-wrapper\">\n\t\t\t<h2>Nicht barrierefreie Inhalte<\/h2>\n            <p>Einige grafische Elemente verf\u00fcgen nicht \u00fcber aussagekr\u00e4ftigen Alternativtext.<\/p>\n            <p>Der Farbkontrast des Textes liegt in bestimmten Abschnitten unter dem empfohlenen Schwellenwert.<\/p>\n            <p>Die Navigation per Tastatur weist in Formularen oder Men\u00fcs Unstimmigkeiten auf.<\/p>\n\t\t<\/div>\n\t\t<div class=\"section-wrapper\">\n\t\t\t<h2>Begr\u00fcndung<\/h2>\n            <p>Die Nichtkonformit\u00e4t ist auf begrenzte Ressourcen und fehlendes Fachwissen zur\u00fcckzuf\u00fchren. Eine schrittweise Verbesserung ist geplant.<\/p>\n\t\t<\/div>\n\t\t<div class=\"section-wrapper\">\n\t\t\t<h2>Meldung von Problemen mit der Barrierefreiheit<\/h2>\n            <p>Um Probleme zu melden oder alternative Inhalte anzufordern, k\u00f6nnen Sie uns per E-Mail kontaktieren: info@gardacleanservice.it<\/p>\n\t\t<\/div>\n\t\t<div class=\"section-wrapper\">\n\t\t\t<h2>Beschwerden<\/h2>\n            <p>Wenn Sie innerhalb von 30 Tagen keine Antwort erhalten, k\u00f6nnen Sie sich an den digitalen B\u00fcrgerbeauftragten bei AGID wenden.\n\t\t<\/div>\n\t<\/section>\n<\/div>\n","protected":false},"excerpt":{"rendered":"<p>Erkl\u00e4rung zur Barrierefreiheit Aktualisiert am: 04-M\u00e4rz-2026 Konformit\u00e4tsstatus Die Website entspricht teilweise den Anforderungen der Barrierefreiheit gem\u00e4\u00df WCAG 2.1 Stufe AA. Einige Inhalte und Funktionen erf\u00fcllen noch nicht alle erforderlichen technischen Kriterien. Nicht barrierefreie Inhalte Einige grafische Elemente verf\u00fcgen nicht \u00fcber aussagekr\u00e4ftigen Alternativtext. Der Farbkontrast des Textes liegt in bestimmten Abschnitten unter dem empfohlenen Schwellenwert. Die [&hellip;]<\/p>\n","protected":false},"author":1,"featured_media":0,"parent":0,"menu_order":0,"comment_status":"closed","ping_status":"closed","template":"","meta":{"footnotes":""},"class_list":["post-2176","page","type-page","status-publish","hentry"],"yoast_head":"<!-- This site is optimized with the Yoast SEO plugin v27.3 - https:\/\/yoast.com\/product\/yoast-seo-wordpress\/ -->\n<title>Dichiarazione Accessibilita - Garda Clean Service<\/title>\n<meta name=\"robots\" content=\"index, follow, max-snippet:-1, max-image-preview:large, max-video-preview:-1\" \/>\n<link rel=\"canonical\" href=\"https:\/\/gardacleanservice.it\/de\/dichiarazione-accessibilita\/\" \/>\n<meta property=\"og:locale\" content=\"de_DE\" \/>\n<meta property=\"og:type\" content=\"article\" \/>\n<meta property=\"og:title\" content=\"Dichiarazione Accessibilita - Garda Clean Service\" \/>\n<meta property=\"og:description\" content=\"Erkl\u00e4rung zur Barrierefreiheit Aktualisiert am: 04-M\u00e4rz-2026 Konformit\u00e4tsstatus Die Website entspricht teilweise den Anforderungen der Barrierefreiheit gem\u00e4\u00df WCAG 2.1 Stufe AA. Einige Inhalte und Funktionen erf\u00fcllen noch nicht alle erforderlichen technischen Kriterien. Nicht barrierefreie Inhalte Einige grafische Elemente verf\u00fcgen nicht \u00fcber aussagekr\u00e4ftigen Alternativtext. Der Farbkontrast des Textes liegt in bestimmten Abschnitten unter dem empfohlenen Schwellenwert. Die [&hellip;]\" \/>\n<meta property=\"og:url\" content=\"https:\/\/gardacleanservice.it\/de\/dichiarazione-accessibilita\/\" \/>\n<meta property=\"og:site_name\" content=\"Garda Clean Service\" \/>\n<meta property=\"article:modified_time\" content=\"2026-03-05T09:48:47+00:00\" \/>\n<meta name=\"twitter:card\" content=\"summary_large_image\" \/>\n<meta name=\"twitter:label1\" content=\"Gesch\u00e4tzte Lesezeit\" \/>\n\t<meta name=\"twitter:data1\" content=\"1\u00a0Minute\" \/>\n<script type=\"application\/ld+json\" class=\"yoast-schema-graph\">{\"@context\":\"https:\\\/\\\/schema.org\",\"@graph\":[{\"@type\":\"WebPage\",\"@id\":\"https:\\\/\\\/gardacleanservice.it\\\/de\\\/dichiarazione-accessibilita\\\/\",\"url\":\"https:\\\/\\\/gardacleanservice.it\\\/de\\\/dichiarazione-accessibilita\\\/\",\"name\":\"Dichiarazione Accessibilita - Garda Clean Service\",\"isPartOf\":{\"@id\":\"https:\\\/\\\/gardacleanservice.it\\\/#website\"},\"datePublished\":\"2026-03-05T09:48:46+00:00\",\"dateModified\":\"2026-03-05T09:48:47+00:00\",\"breadcrumb\":{\"@id\":\"https:\\\/\\\/gardacleanservice.it\\\/de\\\/dichiarazione-accessibilita\\\/#breadcrumb\"},\"inLanguage\":\"de\",\"potentialAction\":[{\"@type\":\"ReadAction\",\"target\":[\"https:\\\/\\\/gardacleanservice.it\\\/de\\\/dichiarazione-accessibilita\\\/\"]}]},{\"@type\":\"BreadcrumbList\",\"@id\":\"https:\\\/\\\/gardacleanservice.it\\\/de\\\/dichiarazione-accessibilita\\\/#breadcrumb\",\"itemListElement\":[{\"@type\":\"ListItem\",\"position\":1,\"name\":\"Home\",\"item\":\"https:\\\/\\\/gardacleanservice.it\\\/\"},{\"@type\":\"ListItem\",\"position\":2,\"name\":\"Dichiarazione Accessibilita\"}]},{\"@type\":\"WebSite\",\"@id\":\"https:\\\/\\\/gardacleanservice.it\\\/#website\",\"url\":\"https:\\\/\\\/gardacleanservice.it\\\/\",\"name\":\"Garda Clean Service\",\"description\":\"Multiservice &amp; Property Management\",\"publisher\":{\"@id\":\"https:\\\/\\\/gardacleanservice.it\\\/#organization\"},\"potentialAction\":[{\"@type\":\"SearchAction\",\"target\":{\"@type\":\"EntryPoint\",\"urlTemplate\":\"https:\\\/\\\/gardacleanservice.it\\\/?s={search_term_string}\"},\"query-input\":{\"@type\":\"PropertyValueSpecification\",\"valueRequired\":true,\"valueName\":\"search_term_string\"}}],\"inLanguage\":\"de\"},{\"@type\":\"Organization\",\"@id\":\"https:\\\/\\\/gardacleanservice.it\\\/#organization\",\"name\":\"Garda Clean Service\",\"url\":\"https:\\\/\\\/gardacleanservice.it\\\/\",\"logo\":{\"@type\":\"ImageObject\",\"inLanguage\":\"de\",\"@id\":\"https:\\\/\\\/gardacleanservice.it\\\/#\\\/schema\\\/logo\\\/image\\\/\",\"url\":\"https:\\\/\\\/gardacleanservice.it\\\/wp-content\\\/uploads\\\/2026\\\/02\\\/gardaclean_footer.png\",\"contentUrl\":\"https:\\\/\\\/gardacleanservice.it\\\/wp-content\\\/uploads\\\/2026\\\/02\\\/gardaclean_footer.png\",\"width\":1153,\"height\":300,\"caption\":\"Garda Clean Service\"},\"image\":{\"@id\":\"https:\\\/\\\/gardacleanservice.it\\\/#\\\/schema\\\/logo\\\/image\\\/\"}}]}<\/script>\n<!-- \/ Yoast SEO plugin. -->","yoast_head_json":{"title":"Dichiarazione Accessibilita - Garda Clean Service","robots":{"index":"index","follow":"follow","max-snippet":"max-snippet:-1","max-image-preview":"max-image-preview:large","max-video-preview":"max-video-preview:-1"},"canonical":"https:\/\/gardacleanservice.it\/de\/dichiarazione-accessibilita\/","og_locale":"de_DE","og_type":"article","og_title":"Dichiarazione Accessibilita - Garda Clean Service","og_description":"Erkl\u00e4rung zur Barrierefreiheit Aktualisiert am: 04-M\u00e4rz-2026 Konformit\u00e4tsstatus Die Website entspricht teilweise den Anforderungen der Barrierefreiheit gem\u00e4\u00df WCAG 2.1 Stufe AA. Einige Inhalte und Funktionen erf\u00fcllen noch nicht alle erforderlichen technischen Kriterien. Nicht barrierefreie Inhalte Einige grafische Elemente verf\u00fcgen nicht \u00fcber aussagekr\u00e4ftigen Alternativtext. Der Farbkontrast des Textes liegt in bestimmten Abschnitten unter dem empfohlenen Schwellenwert. Die [&hellip;]","og_url":"https:\/\/gardacleanservice.it\/de\/dichiarazione-accessibilita\/","og_site_name":"Garda Clean Service","article_modified_time":"2026-03-05T09:48:47+00:00","twitter_card":"summary_large_image","twitter_misc":{"Gesch\u00e4tzte Lesezeit":"1\u00a0Minute"},"schema":{"@context":"https:\/\/schema.org","@graph":[{"@type":"WebPage","@id":"https:\/\/gardacleanservice.it\/de\/dichiarazione-accessibilita\/","url":"https:\/\/gardacleanservice.it\/de\/dichiarazione-accessibilita\/","name":"Dichiarazione Accessibilita - Garda Clean Service","isPartOf":{"@id":"https:\/\/gardacleanservice.it\/#website"},"datePublished":"2026-03-05T09:48:46+00:00","dateModified":"2026-03-05T09:48:47+00:00","breadcrumb":{"@id":"https:\/\/gardacleanservice.it\/de\/dichiarazione-accessibilita\/#breadcrumb"},"inLanguage":"de","potentialAction":[{"@type":"ReadAction","target":["https:\/\/gardacleanservice.it\/de\/dichiarazione-accessibilita\/"]}]},{"@type":"BreadcrumbList","@id":"https:\/\/gardacleanservice.it\/de\/dichiarazione-accessibilita\/#breadcrumb","itemListElement":[{"@type":"ListItem","position":1,"name":"Home","item":"https:\/\/gardacleanservice.it\/"},{"@type":"ListItem","position":2,"name":"Dichiarazione Accessibilita"}]},{"@type":"WebSite","@id":"https:\/\/gardacleanservice.it\/#website","url":"https:\/\/gardacleanservice.it\/","name":"Garda Clean Service","description":"Multiservice &amp; Property Management","publisher":{"@id":"https:\/\/gardacleanservice.it\/#organization"},"potentialAction":[{"@type":"SearchAction","target":{"@type":"EntryPoint","urlTemplate":"https:\/\/gardacleanservice.it\/?s={search_term_string}"},"query-input":{"@type":"PropertyValueSpecification","valueRequired":true,"valueName":"search_term_string"}}],"inLanguage":"de"},{"@type":"Organization","@id":"https:\/\/gardacleanservice.it\/#organization","name":"Garda Clean Service","url":"https:\/\/gardacleanservice.it\/","logo":{"@type":"ImageObject","inLanguage":"de","@id":"https:\/\/gardacleanservice.it\/#\/schema\/logo\/image\/","url":"https:\/\/gardacleanservice.it\/wp-content\/uploads\/2026\/02\/gardaclean_footer.png","contentUrl":"https:\/\/gardacleanservice.it\/wp-content\/uploads\/2026\/02\/gardaclean_footer.png","width":1153,"height":300,"caption":"Garda Clean Service"},"image":{"@id":"https:\/\/gardacleanservice.it\/#\/schema\/logo\/image\/"}}]}},"_links":{"self":[{"href":"https:\/\/gardacleanservice.it\/de\/wp-json\/wp\/v2\/pages\/2176","targetHints":{"allow":["GET"]}}],"collection":[{"href":"https:\/\/gardacleanservice.it\/de\/wp-json\/wp\/v2\/pages"}],"about":[{"href":"https:\/\/gardacleanservice.it\/de\/wp-json\/wp\/v2\/types\/page"}],"author":[{"embeddable":true,"href":"https:\/\/gardacleanservice.it\/de\/wp-json\/wp\/v2\/users\/1"}],"replies":[{"embeddable":true,"href":"https:\/\/gardacleanservice.it\/de\/wp-json\/wp\/v2\/comments?post=2176"}],"version-history":[{"count":3,"href":"https:\/\/gardacleanservice.it\/de\/wp-json\/wp\/v2\/pages\/2176\/revisions"}],"predecessor-version":[{"id":2183,"href":"https:\/\/gardacleanservice.it\/de\/wp-json\/wp\/v2\/pages\/2176\/revisions\/2183"}],"wp:attachment":[{"href":"https:\/\/gardacleanservice.it\/de\/wp-json\/wp\/v2\/media?parent=2176"}],"curies":[{"name":"wp","href":"https:\/\/api.w.org\/{rel}","templated":true}]}}