{"id":2167,"date":"2026-03-05T09:48:46","date_gmt":"2026-03-05T09:48:46","guid":{"rendered":"https:\/\/cleaning.graffitiweb.site\/cookie-policy\/"},"modified":"2026-03-05T09:48:47","modified_gmt":"2026-03-05T09:48:47","slug":"cookie-policy","status":"publish","type":"page","link":"https:\/\/gardacleanservice.it\/de\/cookie-policy\/","title":{"rendered":"Cookie Policy"},"content":{"rendered":"\n<div class=\"cs-template\">\n\t<header>\n\t\t<div class=\"header-wrapper\">\n\t\t\t<h1>Cookie Policy<\/h1>\n\t\t\t<div>Zuletzt aktualisiert am: 04-M\u00e4rz-2026<\/div>\n\t\t<\/div>\n\t<\/header>\n\t<section>\n\t\t<div class=\"section-wrapper\">\n\t\t\t<p>\n\t\t\t\tCookies sind kleine Textdateien, die von Websites, die Sie besuchen, auf Ihrem Computer \n\t\t\t\tgespeichert werden. Websites verwenden Cookies, um den Nutzern eine effiziente Navigation \n\t\t\t\tzu erm\u00f6glichen und zu helfen, bestimmte Funktionen auszuf\u00fchren. Cookies, die f\u00fcr den \n\t\t\t\tordnungsgem\u00e4\u00dfen Betrieb der Website erforderlich sind, d\u00fcrfen auch ohne Ihre Zustimmung \n\t\t\t\tgesetzt werden. Alle anderen Cookies m\u00fcssen erst genehmigt werden, bevor sie im Browser \n\t\t\t\tgesetzt werden k\u00f6nnen.\n\t\t\t<\/p>\n\t\t\t<ul>\n\t\t\t\t<li>\n\t\t\t\t\t<b>Unbedingt erforderliche Cookies.<\/b> \n\t\t\t\t\tUnbedingt erforderliche Cookies erm\u00f6glichen wesentliche Kernfunktionen der Website \n\t\t\t\t\twie die Benutzeranmeldung und die Kontoverwaltung. Ohne die unbedingt erforderlichen \n\t\t\t\t\tCookies kann die Website nicht ordnungsgem\u00e4\u00df verwendet werden.\n\t\t\t\t<\/li>\n\t\t\t\t<li>\n\t\t\t\t\t<b>Performance-Cookies.<\/b> Performance-Cookies sammeln Informationen dar\u00fcber, \n\t\t\t\t\twie Besucher eine Webseite nutzen, z. B. Analyse-Cookies. Diese Cookies k\u00f6nnen nicht \n\t\t\t\t\tverwendet werden, um einen bestimmten Besucher direkt zu identifizieren.\n\t\t\t\t<\/li>\n\t\t\t\t<li>\n\t\t\t\t\t<b>Targeting-Cookies.<\/b> Targeting-Cookies werden verwendet, um Besucher zwischen \n\t\t\t\t\tverschiedenen Websites zu identifizieren, z. B. Content-Partner, Bannernetzwerke. Diese\n\t\t\t\t\t Cookies k\u00f6nnen von Unternehmen verwendet werden, um ein Profil der Besucherinteressen zu \n\t\t\t\t\t erstellen oder relevante Anzeigen auf anderen Websites zu schalten.\n\t\t\t\t<\/li>\n\t\t\t\t<li>\n\t\t\t\t\t<b>Funktionale Cookies.<\/b> Funktionale Cookies werden verwendet, um \n\t\t\t\t\tBesucherinformationen auf der Website zu speichern, z. Sprache, Zeitzone, erweiterter Inhalte.\n\t\t\t\t<\/li>\n\t\t\t\t<li>\n\t\t\t\t\t<b>Unklassifizierte Cookies.<\/b> Unklassifizierte Cookies sind Cookies, \n\t\t\t\t\tdie keiner der anderen Kategorien angeh\u00f6ren oder sich im Prozess der Klassifizierung befinden.\n\t\t\t\t<\/li>\n\t\t\t<\/ul>\n\t\t<\/div>\n\t<\/section>\n\t<section>\n\t\t<div class=\"section-wrapper\">\n\t\t\t<script type=\"text\/javascript\" charset=\"UTF-8\"  data-cookiescriptreport=\"report\" src=\"\/\/report.cookie-script.com\/r\/b7b0ea8d3b3822816a4e18ead3a004f7.js\"><\/script>\n\t\t<\/div>\n\t<\/section>\n<\/div>\n","protected":false},"excerpt":{"rendered":"<p>Cookie Policy Zuletzt aktualisiert am: 04-M\u00e4rz-2026 Cookies sind kleine Textdateien, die von Websites, die Sie besuchen, auf Ihrem Computer gespeichert werden. Websites verwenden Cookies, um den Nutzern eine effiziente Navigation zu erm\u00f6glichen und zu helfen, bestimmte Funktionen auszuf\u00fchren. Cookies, die f\u00fcr den ordnungsgem\u00e4\u00dfen Betrieb der Website erforderlich sind, d\u00fcrfen auch ohne Ihre Zustimmung gesetzt werden. [&hellip;]<\/p>\n","protected":false},"author":1,"featured_media":0,"parent":0,"menu_order":0,"comment_status":"closed","ping_status":"closed","template":"","meta":{"footnotes":""},"class_list":["post-2167","page","type-page","status-publish","hentry"],"yoast_head":"<!-- This site is optimized with the Yoast SEO plugin v27.3 - https:\/\/yoast.com\/product\/yoast-seo-wordpress\/ -->\n<title>Cookie Policy - Garda Clean Service<\/title>\n<meta name=\"robots\" content=\"index, follow, max-snippet:-1, max-image-preview:large, max-video-preview:-1\" \/>\n<link rel=\"canonical\" href=\"https:\/\/gardacleanservice.it\/de\/cookie-policy\/\" \/>\n<meta property=\"og:locale\" content=\"de_DE\" \/>\n<meta property=\"og:type\" content=\"article\" \/>\n<meta property=\"og:title\" content=\"Cookie Policy - Garda Clean Service\" \/>\n<meta property=\"og:description\" content=\"Cookie Policy Zuletzt aktualisiert am: 04-M\u00e4rz-2026 Cookies sind kleine Textdateien, die von Websites, die Sie besuchen, auf Ihrem Computer gespeichert werden. Websites verwenden Cookies, um den Nutzern eine effiziente Navigation zu erm\u00f6glichen und zu helfen, bestimmte Funktionen auszuf\u00fchren. Cookies, die f\u00fcr den ordnungsgem\u00e4\u00dfen Betrieb der Website erforderlich sind, d\u00fcrfen auch ohne Ihre Zustimmung gesetzt werden. [&hellip;]\" \/>\n<meta property=\"og:url\" content=\"https:\/\/gardacleanservice.it\/de\/cookie-policy\/\" \/>\n<meta property=\"og:site_name\" content=\"Garda Clean Service\" \/>\n<meta property=\"article:modified_time\" content=\"2026-03-05T09:48:47+00:00\" \/>\n<meta name=\"twitter:card\" content=\"summary_large_image\" \/>\n<meta name=\"twitter:label1\" content=\"Gesch\u00e4tzte Lesezeit\" \/>\n\t<meta name=\"twitter:data1\" content=\"1\u00a0Minute\" \/>\n<script type=\"application\/ld+json\" class=\"yoast-schema-graph\">{\"@context\":\"https:\\\/\\\/schema.org\",\"@graph\":[{\"@type\":\"WebPage\",\"@id\":\"https:\\\/\\\/gardacleanservice.it\\\/de\\\/cookie-policy\\\/\",\"url\":\"https:\\\/\\\/gardacleanservice.it\\\/de\\\/cookie-policy\\\/\",\"name\":\"Cookie Policy - Garda Clean Service\",\"isPartOf\":{\"@id\":\"https:\\\/\\\/gardacleanservice.it\\\/#website\"},\"datePublished\":\"2026-03-05T09:48:46+00:00\",\"dateModified\":\"2026-03-05T09:48:47+00:00\",\"breadcrumb\":{\"@id\":\"https:\\\/\\\/gardacleanservice.it\\\/de\\\/cookie-policy\\\/#breadcrumb\"},\"inLanguage\":\"de\",\"potentialAction\":[{\"@type\":\"ReadAction\",\"target\":[\"https:\\\/\\\/gardacleanservice.it\\\/de\\\/cookie-policy\\\/\"]}]},{\"@type\":\"BreadcrumbList\",\"@id\":\"https:\\\/\\\/gardacleanservice.it\\\/de\\\/cookie-policy\\\/#breadcrumb\",\"itemListElement\":[{\"@type\":\"ListItem\",\"position\":1,\"name\":\"Home\",\"item\":\"https:\\\/\\\/gardacleanservice.it\\\/\"},{\"@type\":\"ListItem\",\"position\":2,\"name\":\"Cookie Policy\"}]},{\"@type\":\"WebSite\",\"@id\":\"https:\\\/\\\/gardacleanservice.it\\\/#website\",\"url\":\"https:\\\/\\\/gardacleanservice.it\\\/\",\"name\":\"Garda Clean Service\",\"description\":\"Multiservice &amp; Property Management\",\"publisher\":{\"@id\":\"https:\\\/\\\/gardacleanservice.it\\\/#organization\"},\"potentialAction\":[{\"@type\":\"SearchAction\",\"target\":{\"@type\":\"EntryPoint\",\"urlTemplate\":\"https:\\\/\\\/gardacleanservice.it\\\/?s={search_term_string}\"},\"query-input\":{\"@type\":\"PropertyValueSpecification\",\"valueRequired\":true,\"valueName\":\"search_term_string\"}}],\"inLanguage\":\"de\"},{\"@type\":\"Organization\",\"@id\":\"https:\\\/\\\/gardacleanservice.it\\\/#organization\",\"name\":\"Garda Clean Service\",\"url\":\"https:\\\/\\\/gardacleanservice.it\\\/\",\"logo\":{\"@type\":\"ImageObject\",\"inLanguage\":\"de\",\"@id\":\"https:\\\/\\\/gardacleanservice.it\\\/#\\\/schema\\\/logo\\\/image\\\/\",\"url\":\"https:\\\/\\\/gardacleanservice.it\\\/wp-content\\\/uploads\\\/2026\\\/02\\\/gardaclean_footer.png\",\"contentUrl\":\"https:\\\/\\\/gardacleanservice.it\\\/wp-content\\\/uploads\\\/2026\\\/02\\\/gardaclean_footer.png\",\"width\":1153,\"height\":300,\"caption\":\"Garda Clean Service\"},\"image\":{\"@id\":\"https:\\\/\\\/gardacleanservice.it\\\/#\\\/schema\\\/logo\\\/image\\\/\"}}]}<\/script>\n<!-- \/ Yoast SEO plugin. -->","yoast_head_json":{"title":"Cookie Policy - Garda Clean Service","robots":{"index":"index","follow":"follow","max-snippet":"max-snippet:-1","max-image-preview":"max-image-preview:large","max-video-preview":"max-video-preview:-1"},"canonical":"https:\/\/gardacleanservice.it\/de\/cookie-policy\/","og_locale":"de_DE","og_type":"article","og_title":"Cookie Policy - Garda Clean Service","og_description":"Cookie Policy Zuletzt aktualisiert am: 04-M\u00e4rz-2026 Cookies sind kleine Textdateien, die von Websites, die Sie besuchen, auf Ihrem Computer gespeichert werden. Websites verwenden Cookies, um den Nutzern eine effiziente Navigation zu erm\u00f6glichen und zu helfen, bestimmte Funktionen auszuf\u00fchren. Cookies, die f\u00fcr den ordnungsgem\u00e4\u00dfen Betrieb der Website erforderlich sind, d\u00fcrfen auch ohne Ihre Zustimmung gesetzt werden. [&hellip;]","og_url":"https:\/\/gardacleanservice.it\/de\/cookie-policy\/","og_site_name":"Garda Clean Service","article_modified_time":"2026-03-05T09:48:47+00:00","twitter_card":"summary_large_image","twitter_misc":{"Gesch\u00e4tzte Lesezeit":"1\u00a0Minute"},"schema":{"@context":"https:\/\/schema.org","@graph":[{"@type":"WebPage","@id":"https:\/\/gardacleanservice.it\/de\/cookie-policy\/","url":"https:\/\/gardacleanservice.it\/de\/cookie-policy\/","name":"Cookie Policy - Garda Clean Service","isPartOf":{"@id":"https:\/\/gardacleanservice.it\/#website"},"datePublished":"2026-03-05T09:48:46+00:00","dateModified":"2026-03-05T09:48:47+00:00","breadcrumb":{"@id":"https:\/\/gardacleanservice.it\/de\/cookie-policy\/#breadcrumb"},"inLanguage":"de","potentialAction":[{"@type":"ReadAction","target":["https:\/\/gardacleanservice.it\/de\/cookie-policy\/"]}]},{"@type":"BreadcrumbList","@id":"https:\/\/gardacleanservice.it\/de\/cookie-policy\/#breadcrumb","itemListElement":[{"@type":"ListItem","position":1,"name":"Home","item":"https:\/\/gardacleanservice.it\/"},{"@type":"ListItem","position":2,"name":"Cookie Policy"}]},{"@type":"WebSite","@id":"https:\/\/gardacleanservice.it\/#website","url":"https:\/\/gardacleanservice.it\/","name":"Garda Clean Service","description":"Multiservice &amp; Property Management","publisher":{"@id":"https:\/\/gardacleanservice.it\/#organization"},"potentialAction":[{"@type":"SearchAction","target":{"@type":"EntryPoint","urlTemplate":"https:\/\/gardacleanservice.it\/?s={search_term_string}"},"query-input":{"@type":"PropertyValueSpecification","valueRequired":true,"valueName":"search_term_string"}}],"inLanguage":"de"},{"@type":"Organization","@id":"https:\/\/gardacleanservice.it\/#organization","name":"Garda Clean Service","url":"https:\/\/gardacleanservice.it\/","logo":{"@type":"ImageObject","inLanguage":"de","@id":"https:\/\/gardacleanservice.it\/#\/schema\/logo\/image\/","url":"https:\/\/gardacleanservice.it\/wp-content\/uploads\/2026\/02\/gardaclean_footer.png","contentUrl":"https:\/\/gardacleanservice.it\/wp-content\/uploads\/2026\/02\/gardaclean_footer.png","width":1153,"height":300,"caption":"Garda Clean Service"},"image":{"@id":"https:\/\/gardacleanservice.it\/#\/schema\/logo\/image\/"}}]}},"_links":{"self":[{"href":"https:\/\/gardacleanservice.it\/de\/wp-json\/wp\/v2\/pages\/2167","targetHints":{"allow":["GET"]}}],"collection":[{"href":"https:\/\/gardacleanservice.it\/de\/wp-json\/wp\/v2\/pages"}],"about":[{"href":"https:\/\/gardacleanservice.it\/de\/wp-json\/wp\/v2\/types\/page"}],"author":[{"embeddable":true,"href":"https:\/\/gardacleanservice.it\/de\/wp-json\/wp\/v2\/users\/1"}],"replies":[{"embeddable":true,"href":"https:\/\/gardacleanservice.it\/de\/wp-json\/wp\/v2\/comments?post=2167"}],"version-history":[{"count":2,"href":"https:\/\/gardacleanservice.it\/de\/wp-json\/wp\/v2\/pages\/2167\/revisions"}],"predecessor-version":[{"id":2172,"href":"https:\/\/gardacleanservice.it\/de\/wp-json\/wp\/v2\/pages\/2167\/revisions\/2172"}],"wp:attachment":[{"href":"https:\/\/gardacleanservice.it\/de\/wp-json\/wp\/v2\/media?parent=2167"}],"curies":[{"name":"wp","href":"https:\/\/api.w.org\/{rel}","templated":true}]}}